{"id":771,"date":"2021-11-26T09:24:29","date_gmt":"2021-11-26T09:24:29","guid":{"rendered":"https:\/\/seaprosas.com\/?page_id=771"},"modified":"2021-11-29T08:21:51","modified_gmt":"2021-11-29T08:21:51","slug":"politica-de-cookies","status":"publish","type":"page","link":"https:\/\/seaprosas.com\/es\/politica-de-cookies\/","title":{"rendered":"Pol\u00edtica de cookies"},"content":{"rendered":"<div class=\"l-canvas sidebar_none type_wide wpml_lang_es\">\n<div class=\"l-main\">\n<div class=\"l-main-h i-cf\">\n<p>&nbsp;<\/p>\n<section class=\"l-section\">\n<div class=\"l-section-h i-cf\">\n<p>&nbsp;<\/p>\n<p>&nbsp;<\/p>\n<p>&nbsp;<\/p>\n<p>En cumplimiento con lo que establece la Ley 34\/2002 de 11 de julio, de Servicios de la Sociedad de la Informaci\u00f3n y el Comercio Electr\u00f3nico (LSSICE), se informa de los siguientes aspectos legales:<\/p>\n<p><b>PROPIEDAD DEL SITIO WEB<\/b><\/p>\n<p>Responsable: Iberdigest S.L<br \/>\nNif: ES B 62277736<br \/>\nDirecci\u00f3n: Av. D\u2019\u00c0lguema, 8-C \u2013 Zona Industrial Camp del Bosc<br \/>\nTel\u00e9fono: 972 55 59 80<br \/>\nEmail:\u00a0<u><a href=\"mailto:info@adssl.com\">\u00a0<\/a><a href=\"mailto:iberdigest@iberdigest.com\">iberdigest@iberdigest.com<\/a><\/u><br \/>\nRegistro Mercantil de Girona, Tomo 1886, Folio 179, Hoja GI 31.230<br \/>\nActividad: Comercio al por mayor de carne y productos c\u00e1rnicos<\/p>\n<p><b>INFORMACI\u00d3N Y TERMINOLOG\u00cdAS<\/b><\/p>\n<p>Las cookies son archivos peque\u00f1os que las p\u00e1ginas web, tiendas online, intranets, plataformas en l\u00ednea o similares almacenan en el navegador del usuario que las visita y que resultan necesarios para aportar a la navegaci\u00f3n web innombrables ventajas en la prestaci\u00f3n de servicios interactivos.<\/p>\n<p>La siguiente informaci\u00f3n de los posibles tipos de cookies ayuda a comprender mejor las funciones que realizan:<\/p>\n<ul>\n<li>Cookies de sesi\u00f3n:<br \/>\nSon cookies temporales que permanecen en el espacio de cookies de su equipo hasta que cierra el navegador, de manera que ninguna queda registrada en el disco del usuario. La informaci\u00f3n obtenida mediante estas cookies sirve para hacer posible la gesti\u00f3n operativa con cada uno de los usuarios que est\u00e1 accediendo de forma simult\u00e1nea a la web.<\/li>\n<li>Cookies persistentes:<br \/>\nSon cookies que permanecen almacenadas en el espacio de cookies de su equipo una vez cerrado el navegador, y que la pr\u00f3xima vez que se vuelva a consultar la p\u00e1gina web recordar\u00e1n informaci\u00f3n que facilite la navegaci\u00f3n (acceder directamente al servicio sin necesidad de realizar el proceso de conexi\u00f3n) o la prestaci\u00f3n de un servicio comercial (ofrecer aquellos productos o servicios relacionados con anteriores visitas).<\/li>\n<\/ul>\n<p>Las cookies intercambiadas al navegar por una p\u00e1gina web pueden ser:<\/p>\n<ul>\n<li>Cookies de origen o propias:<br \/>\nSon cookies generadas por la propia p\u00e1gina web que se est\u00e1 visitando.<\/li>\n<li><a name=\"_GoBack\"><\/a>Cookies de terceros:<br \/>\nSon cookies que se reciben al navegar por esta p\u00e1gina web, pero que han sido generadas por un tercer servicio que se encuentra alojado en ella. Un ejemplo puede ser las cookies empleadas para un anuncio o banner de publicidad que se encuentran en la p\u00e1gina web que visitamos. Otro puede ser las cookies empleadas por un contador de visitantes contratado por la p\u00e1gina web que visitamos.<\/li>\n<\/ul>\n<p>Las cookies pueden ser utilizadas para:<\/p>\n<ul>\n<li>Fines t\u00e9cnicos:<br \/>\nSon las tambi\u00e9n llamadas \u00abestrictamente necesarias\u00bb. Permiten al usuario la navegaci\u00f3n a trav\u00e9s de una p\u00e1gina web, plataforma o aplicaci\u00f3n y la utilizaci\u00f3n de las diferentes opciones o servicios que haya en ella como, por ejemplo, controlar el tr\u00e1fico y la comunicaci\u00f3n de datos, identificar la sesi\u00f3n, acceder a partes de acceso restringido, recordad los elementos que integran un pedido, realizar el proceso de compra de un pedido, realizar la solicitud de inscripci\u00f3n o participaci\u00f3n en un evento, utilizar elementos de seguridad durante la navegaci\u00f3n, almacenar contenidos para la difusi\u00f3n de v\u00eddeos o sonido o compartir contenidos a trav\u00e9s de redes sociales.<\/li>\n<li>Personalizaci\u00f3n:<br \/>\nHacen posible que cada usuario pueda configurar aspectos como el idioma en que desea ver la p\u00e1gina web, formatos de visualizaci\u00f3n, etc.<\/li>\n<li>An\u00e1lisis o rendimiento:<br \/>\nPermiten medir el n\u00famero de visitas y criterios de navegaci\u00f3n de diferentes \u00e1reas de la web, aplicaci\u00f3n o plataforma, y nos permite elaborar perfiles de navegaci\u00f3n de los usuarios de estos sitios, aplicaciones y plataformas, con el fin de introducir mejoras en funci\u00f3n del an\u00e1lisis de los datos de uso recogidos que hacen los usuarios del servicio.<\/li>\n<li>Publicidad:<br \/>\nPermiten implementar par\u00e1metros de eficiencia en la publicidad ofrecida en las p\u00e1ginas web.<\/li>\n<li>Publicidad comportamental:<br \/>\nPermiten implementar par\u00e1metros de eficiencia en la publicidad ofrecida en las p\u00e1ginas web, basados en informaci\u00f3n sobre el comportamiento de los usuarios obtenida a trav\u00e9s de la observaci\u00f3n continuada de sus h\u00e1bitos de navegaci\u00f3n, lo cual permite desarrollar un perfil espec\u00edfico para mostrar publicidad en funci\u00f3n del mismo.<\/li>\n<\/ul>\n<p>&nbsp;<\/p>\n<p><b><\/b><b>DETALLE DE COOKIES UTILIZADAS<\/b><\/p>\n<p>El sitio web de Iberdigest S.L. utiliza cookies para el correcto funcionamiento y visualizaci\u00f3n de los sitios web por parte del usuario, as\u00ed como la recogida de estad\u00edsticas. En concreto, se utilizan las cookies siguientes:<\/p>\n<ul>\n<li>Idioma (para guardar el idioma seleccionado por el usuario)<\/li>\n<li>Aceptaci\u00f3n de Cookies (para recordar que se ha aceptado el uso de cookies)<\/li>\n<li>Sesi\u00f3n (guarda la \u00faltima fecha de conexi\u00f3n a la web)<\/li>\n<\/ul>\n<p>Ninguna de ellas guarda ning\u00fan tipo de datos del usuario.<\/p>\n<p><b>SERVICIO A TERCEROS<\/b><\/p>\n<p>Adicionalmente, Iberdigest S.L.\u00a0 tiene presencia en portales y servicios de terceros para los cuales, si desea conocer las condiciones de privacidad y uso de cookies, deber\u00e1 consultar las pol\u00edticas proporcionadas por los mismos:<\/p>\n<p>Facebook:\u00a0<u><a href=\"https:\/\/es-es.facebook.com\/help\/cookies\">https:\/\/es-es.facebook.com\/help\/cookies<\/a><\/u><br \/>\nTwitter:\u00a0<u><a href=\"https:\/\/twitter.com\/privacy\">https:\/\/twitter.com\/privacy<\/a><\/u><br \/>\nYoutube:\u00a0<u><a href=\"https:\/\/www.google.es\/intl\/es\/policies\/technologies\/cookies\/\">https:\/\/www.google.es\/intl\/es\/policies\/technologies\/cookies\/<\/a><\/u><br \/>\nLinkedin:\u00a0<u><a href=\"http:\/\/www.linkedin.com\/legal\/privacy-policy\">http:\/\/www.linkedin.com\/legal\/privacy-policy<\/a><\/u><br \/>\nGoogle+:\u00a0<u><a href=\"https:\/\/www.google.es\/intl\/es\/policies\/technologies\/cookies\/\">https:\/\/www.google.es\/intl\/es\/policies\/technologies\/cookies\/<\/a><\/u><br \/>\nInstagram:\u00a0<u><a href=\"https:\/\/www.facebook.com\/policies\/cookies\/\">https:\/\/www.facebook.com\/policies\/cookies\/<\/a><\/u><\/p>\n<p><b>ACEPTACI\u00d3N DE LA POL\u00cdTICA DE COOKIES<\/b><\/p>\n<p>Iberdigest S.L.\u00a0 muestra informaci\u00f3n sobre su Pol\u00edtica de Cookies en la parte inferior de la p\u00e1gina inicial del sitio web con cada inicio de sesi\u00f3n con el fin de que usted sea consciente de ello.<\/p>\n<p>Ante esta informaci\u00f3n es posible llevar a cabo las siguientes acciones:<\/p>\n<ul>\n<li>Aceptar las Cookies: No se volver\u00e1 a visualizar este aviso al acceder en cualquier p\u00e1gina del portal durante la presente sesi\u00f3n<\/li>\n<li>Modificar la configuraci\u00f3n: M\u00e1s adelante le damos informaci\u00f3n sobre como modificar la configuraci\u00f3n de su navegador para restringir o bloquear las cookies en cualquier momento. En caso de restringir o bloquear las cookies puede ver reducidas las funcionalidades de la web.<\/li>\n<li>Seguir navegando o moverse por la barra de desplazamiento: En este caso se ir\u00e1 solicitando el consentimiento.<\/li>\n<\/ul>\n<p>&nbsp;<\/p>\n<p><b><\/b><b>C\u00d3MO MODIFICAR LA CONFIGURACI\u00d3N DE LAS COOKIES<\/b><\/p>\n<p>Usted puede restringir, bloquear o borrar las cookies de Iberdigest S.L. o cualquier otra p\u00e1gina web utilizando su navegador. En cada navegador la operativa es diferente, la funci\u00f3n de \u00abAyuda\u00bb le mostrar\u00e1 c\u00f3mo hacerlo:<\/p>\n<p>Internet Explorer:\u00a0<u><a href=\"https:\/\/support.microsoft.com\/es-es\/help\/17442\/windows-internet-explorer-delete-manage-cookies#ie=\">https:\/\/support.microsoft.com\/es-es\/help\/17442\/windows-internet-explorer-delete-manage-cookies#ie=<\/a><\/u><br \/>\nFireFox:\u00a0<u><a href=\"https:\/\/support.mozilla.org\/es\/kb\/Borrar%20cookies\">https:\/\/support.mozilla.org\/es\/kb\/Borrar%20cookies<\/a><\/u><br \/>\nChrome:\u00a0<u><a href=\"https:\/\/support.google.com\/chrome\/answer\/95647?hl=%22es%22\">https:\/\/support.google.com\/chrome\/answer\/95647?hl=\u00bbes\u00bb<\/a><\/u><br \/>\nSafari:\u00a0<u><a href=\"https:\/\/www.apple.com\/legal\/privacy\/es\/cookies\/\">https:\/\/www.apple.com\/legal\/privacy\/es\/cookies\/<\/a><\/u><\/p>\n<p>Adem\u00e1s, tambi\u00e9n puede gestionar el almac\u00e9n de cookies en su navegador a trav\u00e9s de herramientas como las siguientes:<\/p>\n<p><span lang=\"de-DE\">Ghostery:\u00a0<\/span><u><a href=\"https:\/\/www.ghostery.com\/\"><span lang=\"de-DE\">https:\/\/www.ghostery.com\/<\/span><\/a><\/u><span lang=\"de-DE\"><br \/>\nYour online choices:\u00a0<\/span><u><a href=\"http:\/\/www.youronlinechoices.com\/es\/\"><span lang=\"de-DE\">http:\/\/www.youronlinechoices.com\/es\/<\/span><\/a><\/u><\/p>\n<\/div>\n<\/section>\n<p>&nbsp;<\/p>\n<\/div>\n<\/div>\n<\/div>\n<footer class=\"l-footer\">\n<section class=\"l-section wpb_row height_large color_footer-bottom\">\n<div class=\"l-section-h i-cf\">\n<div class=\"g-cols vc_row type_default valign_top\">\n<div class=\"vc_col-sm-12 wpb_column vc_column_container\">\n<div class=\"vc_column-inner\">\n<div class=\"wpb_wrapper\">\n<div class=\"wpb_text_column \">\n<div class=\"wpb_wrapper\"><\/div>\n<\/div>\n<\/div>\n<\/div>\n<\/div>\n<\/div>\n<\/div>\n<\/section>\n<\/footer>\n","protected":false},"excerpt":{"rendered":"<p>&nbsp; &nbsp; &nbsp; &nbsp; En cumplimiento con lo que establece la Ley 34\/2002 de 11 de julio, de Servicios de la Sociedad de la Informaci\u00f3n y el Comercio Electr\u00f3nico (LSSICE), se informa de los siguientes aspectos legales: PROPIEDAD DEL SITIO WEB Responsable: Iberdigest S.L Nif: ES B 62277736 Direcci\u00f3n: Av. D\u2019\u00c0lguema, 8-C \u2013 Zona Industrial&#8230;<\/p>\n","protected":false},"author":1,"featured_media":0,"parent":0,"menu_order":0,"comment_status":"closed","ping_status":"closed","template":"","meta":{"footnotes":""},"class_list":["post-771","page","type-page","status-publish","hentry"],"_links":{"self":[{"href":"https:\/\/seaprosas.com\/es\/wp-json\/wp\/v2\/pages\/771","targetHints":{"allow":["GET"]}}],"collection":[{"href":"https:\/\/seaprosas.com\/es\/wp-json\/wp\/v2\/pages"}],"about":[{"href":"https:\/\/seaprosas.com\/es\/wp-json\/wp\/v2\/types\/page"}],"author":[{"embeddable":true,"href":"https:\/\/seaprosas.com\/es\/wp-json\/wp\/v2\/users\/1"}],"replies":[{"embeddable":true,"href":"https:\/\/seaprosas.com\/es\/wp-json\/wp\/v2\/comments?post=771"}],"version-history":[{"count":6,"href":"https:\/\/seaprosas.com\/es\/wp-json\/wp\/v2\/pages\/771\/revisions"}],"predecessor-version":[{"id":957,"href":"https:\/\/seaprosas.com\/es\/wp-json\/wp\/v2\/pages\/771\/revisions\/957"}],"wp:attachment":[{"href":"https:\/\/seaprosas.com\/es\/wp-json\/wp\/v2\/media?parent=771"}],"curies":[{"name":"wp","href":"https:\/\/api.w.org\/{rel}","templated":true}]}}