{"id":768,"date":"2021-11-26T09:21:51","date_gmt":"2021-11-26T09:21:51","guid":{"rendered":"https:\/\/seaprosas.com\/?page_id=768"},"modified":"2021-11-29T08:12:51","modified_gmt":"2021-11-29T08:12:51","slug":"politica-de-confidencialidad","status":"publish","type":"page","link":"https:\/\/seaprosas.com\/es\/politica-de-confidencialidad\/","title":{"rendered":"Pol\u00edtica de privacidad"},"content":{"rendered":"\r\n<p>El Reglamento General de protecci\u00f3n de datos de la UE 2016\/679 (RGPD) indica que las organizaciones que recaudan y\/o realizan actividades de tratamiento de datos personales deber\u00e1n implementar las medidas t\u00e9cnicas y organizativas necesarias con el fin de garantizar la protecci\u00f3n de los mismos, la privacidad y los derechos y libertades de las personas titulares de los datos personales.<\/p>\r\n<p>La entidad Iberdigest S.L.\u00a0 Con NIF ES B 62277736 y domicilio social en Av. D\u2019\u00c0lguema, 8-C,<br \/>Zona Industrial Camp del Bosc, Santa Llogaia d\u2019\u00c0lguema, tel\u00e9fono 972555980, email\u00a0<u><a href=\"mailto:iberdigest@iberdigest.com\">iberdigest@iberdigest.com<\/a><\/u>, le informa de que tratamos los datos personales que nos facilita con los fines indicados m\u00e1s adelante. Los datos proporcionados se conservar\u00e1n mientras se mantenga la relaci\u00f3n comercial o durante los a\u00f1os necesarios para cumplir con las obligaciones legales. Los datos no se ceder\u00e1n a terceros excepto en los casos en que exista una obligaci\u00f3n legal.\u00a0Usted tiene derecho a obtener informaci\u00f3n sobre si en nuestra entidad estamos tratando sus datos personales, por lo tanto tiene derecho a acceder a sus datos personales, rectificar los datos inexactos o solicitar su supresi\u00f3n cuando los datos ya no sean necesarios.<\/p>\r\n<p><b>POL\u00cdTICA DE PRIVACIDAD Y PROTECCI\u00d3N DE DATOS<\/b><\/p>\r\n<p><b>1.- INFORMACI\u00d3N LEGAL<\/b><\/p>\r\n<p><b><\/b>Esta \u00abpol\u00edtica de Privacidad y Protecci\u00f3n de Datos\u00bb tiene como fin dar a conocer las condiciones que rigen la recogida y tratamiento de sus datos personales por parte de nuestra entidad o grupo corporativo para velar por los derechos fundamentales, su honor y libertades, todo esto en cumplimiento de las normativas vigentes que regulan la protecci\u00f3n de datos personales seg\u00fan la Uni\u00f3n Europea y el Estado Miembro espa\u00f1ol.<b><\/b><br \/>De conformidad con estas normativas, necesitamos disponer de su autorizaci\u00f3n y consentimiento para la recogida y el tratamiento de sus datos personales, de manera que a continuaci\u00f3n le explicamos todos los detalles de su inter\u00e9s con respecto a c\u00f3mo realizamos estos procesos, con qu\u00e9 fines, qu\u00e9 otras entidades podr\u00edan tener acceso a sus datos y cu\u00e1les son sus derechos.<\/p>\r\n<p><b>2.- RESPONSABLE DEL TRATAMIENTO<\/b><\/p>\r\n<p>El Responsable del Tratamiento de Datos es aquella persona f\u00edsica o jur\u00eddica, de naturaleza p\u00fablica o privada, u \u00f3rgano administrativo, que solo o conjuntamente con otros determine los fines y medios del tratamiento de datos personales; en caso de que los fines y medios del tratamiento est\u00e9n determinados por el Derecho de la Uni\u00f3n Europea o del estado miembro espa\u00f1ol.<\/p>\r\n<p>En este caso, nuestros datos identificativos como Responsable del Tratamiento son los siguientes<\/p>\r\n<p>Iberdigest S.L.<br \/>Av. D\u2019\u00c0lguema, 8-C \u2013 Zona Industrial Camp del Bosc \u2013 17740 \u2013 Santa Llogaia d\u2019\u00c0lguema (Girona)<br \/>Tel\u00e9fono 972261446<\/p>\r\n<p>Email:\u00a0<u><a href=\"mailto:iberdigest@iberdigest.com\">iberdigest@iberdigest.com<\/a><\/u><\/p>\r\n<p>Este es el mismo domicilio adonde dirigirse para ejercer sus derechos,<\/p>\r\n<p>Disponemos de una persona o entidad especializada en protecci\u00f3n de datos, que es la encargada de velar por el correcto cumplimiento en nuestra entidad de la legislaci\u00f3n y normativas vigentes. Esta persona recibe el nombre de Delegado de Protecci\u00f3n de Datos (DPO) o Responsable de Protecci\u00f3n de Datos y, si lo requiere, puede contactar con \u00e9l mediante la anterior direcci\u00f3n a la atenci\u00f3n del\u00a0<u>Responsable de Protecci\u00f3n de Datos<\/u>.<\/p>\r\n<p><b>3.- MEDIDAS DE SEGURIDAD<\/b><\/p>\r\n<p>Nuestra entidad o grupo corporativo adopta las medidas organizativas y t\u00e9cnicas necesarias para garantizar la seguridad y la privacidad de sus datos, evitar su alteraci\u00f3n, p\u00e9rdida, tratamiento o acceso no autorizado, en funci\u00f3n del estado de la tecnolog\u00eda, la naturaleza de los datos almacenados y los riesgos a que est\u00e1n expuestos.<\/p>\r\n<p>Entre otras, destacan las siguientes medidas:<\/p>\r\n<ul>\r\n<li>1. Garantizar la confidencialidad, integridad, disponibilidad y resiliencia permanentes<br \/>de los sistemas y servicios de tratamiento.<\/li>\r\n<li>2. Restaurar la disponibilidad y el acceso a los datos personales de forma r\u00e1pida, en caso de incidente f\u00edsico o t\u00e9cnico.<\/li>\r\n<li>3. Verificar, evaluar y valorar, de manera regular, la eficacia de las medidas t\u00e9cnicas<br \/>y organizativas implementadas para garantizar la seguridad del tratamiento.<\/li>\r\n<li>4. Seudonimizar y cifrar los datos personales, en caso de que se trate de datos sensibles.<\/li>\r\n<\/ul>\r\n<p><b><br \/>4.- FINALIDAD DEL TRATAMIENTO<\/b><\/p>\r\n<p>Necesitamos su autorizaci\u00f3n y consentimiento para solicitar y tratar sus datos personales,<br \/>de manera que a continuaci\u00f3n le detallamos los usos y finalidades previstos. De todas formas, \u00fanicamente realizaremos las que usted nos haya autorizado mediante el \u00abFormulario de autorizaci\u00f3n\u00bb del consentimiento para el tratamiento de datos.<\/p>\r\n<ul>\r\n<li>Comunicaciones comerciales, de novedades, de incidencias e informativas.<\/li>\r\n<li>Cumplimiento de obligaciones mercantiles y fiscales.<\/li>\r\n<\/ul>\r\n<p>&nbsp;<\/p>\r\n<p>Utilizamos sus datos personales durante el tiempo estrictamente necesario para cumplir las finalidades indicadas anteriormente.<\/p>\r\n<p><b>5.- LEGITIMACI\u00d3N DEL TRATAMIENTO<\/b><\/p>\r\n<p>La recogida y el tratamiento de sus datos est\u00e1n legitimados siempre por una o varias bases jur\u00eddicas.<\/p>\r\n<p><b><br \/>6.- DESTINATARIOS DE SUS DATOS<\/b><\/p>\r\n<p>A veces, con el fin de poder cumplir con nuestras obligaciones legales y nuestro compromiso contractual con usted, nos vemos ante la obligaci\u00f3n y necesidad de ceder algunos de sus datos<br \/>a ciertas categor\u00edas de destinatarios, que especificamos a continuaci\u00f3n:<\/p>\r\n<p><a name=\"_GoBack\"><\/a>Agencia Tributaria\u00a0\u2013\u00a0<u><a href=\"http:\/\/www.agenciatributaria.es\/\">www.agenciatributaria.es<\/a><\/u><\/p>\r\n<p>En los procesos de tratamientos de sus datos realizados por nuestra entidad nos hace falta contratar servicios externos, lo cual puede implicar que sus datos est\u00e9n almacenados y\/o tratados por organizaciones que est\u00e1n establecidas u operan desde fuera de la Uni\u00f3n Europea,<br \/>y esto podr\u00eda conllevar que realicemos transferencias internacionales de sus datos. No est\u00e1 prevista ninguna de estas transferencias.<\/p>\r\n<p><b>7.- PROCEDENCIA Y TIPO DE DATOS TRATADOS<\/b><\/p>\r\n<p>La procedencia de los datos es del propio interesado o su representante legal.<\/p>\r\n<p>El tipo de datos que hemos recaudado y tratamos son: Nombre y apellidos, Direcci\u00f3n postal, Direcci\u00f3n electr\u00f3nica, NIF\/NIE\/Pasaporte, Tel\u00e9fonos, web y Datos bancarios (si los ha proporcionado).<\/p>\r\n<p><b>8.- DERECHOS DE LOS INTERESADOS<\/b><\/p>\r\n<p>La normativa vigente de protecci\u00f3n de datos se ampara en una serie de derechos en relaci\u00f3n al uso que les damos a los datos. Todos y cada uno de sus derechos son unipersonales e intransferibles, es decir, que \u00fanicamente pueden ser realizados por el titular de los datos, previa comprobaci\u00f3n de su entidad.<\/p>\r\n<p>A continuaci\u00f3n le indicamos cu\u00e1les son los derechos que le asisten:<\/p>\r\n<ul>\r\n<li>Solicitar el ACCESO a sus datos personales<\/li>\r\n<li>Solicitar la RECTIFICACI\u00d3N de sus datos<\/li>\r\n<li>Solicitar la SUPRESI\u00d3N o eliminaci\u00f3n de sus datos (derecho al \u00abolvido\u00bb)<\/li>\r\n<li>LIMITAR u oponer al uso que les damos a sus datos<\/li>\r\n<\/ul>\r\n<ul>\r\n<li>Derecho a la PORTABILIDAD de sus datos para casos de servicios de telecomunicaciones o internet.<\/li>\r\n<li>Derecho a RETIRAR su consentimiento en cualquier momento.<\/li>\r\n<li>Derecho a presentar una RECLAMACI\u00d3N en materia de protecci\u00f3n de datos ante la Autoridad de Control: Agencia de Protecci\u00f3n de Datos<\/li>\r\n<\/ul>\r\n<p>Para el ejercicio de sus derechos de acceso, rectificaci\u00f3n, supresi\u00f3n, limitaci\u00f3n u oposici\u00f3n, portabilidad y retirada de su consentimiento, puede hacerlo de la siguiente manera:<\/p>\r\n<p>Mediante comunicaci\u00f3n escrita y fotocopia del DNI, indicando la referencia RGPD dirigida a:<\/p>\r\n<p>Iberdigest S.L.<br \/>Att. Responsable de Protecci\u00f3n de Datos.<br \/>Av. D\u2019\u00c0lguema, 8-C \u2013 Zona Industrial Camp del Bosc \u2013 17740 \u2013 Santa Llogaia d\u2019\u00c0lguema (Girona)<br \/>Tel\u00e9fono 972261446<\/p>\r\n<p>Email:\u00a0<u><a href=\"mailto:iberdigest@iberdigest.com\">iberdigest@iberdigest.com<\/a><\/u><\/p>\r\n<p>Adem\u00e1s de los derechos que le asisten, en caso de que crea que sus datos no se est\u00e1n recaudando o tratando de acuerdo con la normativa vigente de Protecci\u00f3n de Datos, usted podr\u00e1 realizar una reclamaci\u00f3n ante la Autoridad de Control:\u00a0\u00a0\u00a0<u><a href=\"http:\/\/www.agpd.es\/\">www.agpd.es<\/a><\/u><\/p>\r\n","protected":false},"excerpt":{"rendered":"<p>El Reglamento General de protecci\u00f3n de datos de la UE 2016\/679 (RGPD) indica que las organizaciones que recaudan y\/o realizan actividades de tratamiento de datos personales deber\u00e1n implementar las medidas t\u00e9cnicas y organizativas necesarias con el fin de garantizar la protecci\u00f3n de los mismos, la privacidad y los derechos y libertades de las personas titulares&#8230;<\/p>\n","protected":false},"author":1,"featured_media":0,"parent":0,"menu_order":0,"comment_status":"closed","ping_status":"open","template":"","meta":{"footnotes":""},"class_list":["post-768","page","type-page","status-publish","hentry"],"_links":{"self":[{"href":"https:\/\/seaprosas.com\/es\/wp-json\/wp\/v2\/pages\/768","targetHints":{"allow":["GET"]}}],"collection":[{"href":"https:\/\/seaprosas.com\/es\/wp-json\/wp\/v2\/pages"}],"about":[{"href":"https:\/\/seaprosas.com\/es\/wp-json\/wp\/v2\/types\/page"}],"author":[{"embeddable":true,"href":"https:\/\/seaprosas.com\/es\/wp-json\/wp\/v2\/users\/1"}],"replies":[{"embeddable":true,"href":"https:\/\/seaprosas.com\/es\/wp-json\/wp\/v2\/comments?post=768"}],"version-history":[{"count":3,"href":"https:\/\/seaprosas.com\/es\/wp-json\/wp\/v2\/pages\/768\/revisions"}],"predecessor-version":[{"id":947,"href":"https:\/\/seaprosas.com\/es\/wp-json\/wp\/v2\/pages\/768\/revisions\/947"}],"wp:attachment":[{"href":"https:\/\/seaprosas.com\/es\/wp-json\/wp\/v2\/media?parent=768"}],"curies":[{"name":"wp","href":"https:\/\/api.w.org\/{rel}","templated":true}]}}