{"id":765,"date":"2021-11-26T09:19:08","date_gmt":"2021-11-26T09:19:08","guid":{"rendered":"https:\/\/seaprosas.com\/?page_id=765"},"modified":"2024-05-06T07:45:00","modified_gmt":"2024-05-06T07:45:00","slug":"organizacion","status":"publish","type":"page","link":"https:\/\/seaprosas.com\/es\/organizacion\/","title":{"rendered":"ORGANIZACI\u00d3N"},"content":{"rendered":"<section class=\"l-section wpb_row us_custom_968401e2 height_large has_text_color\"><div class=\"l-section-overlay\" style=\"background:rgba(43,47,136,0.80)\"><\/div><div class=\"l-section-h i-cf\"><div class=\"g-cols via_flex valign_top type_default\"><div class=\"vc_col-sm-12 wpb_column vc_column_container\"><div class=\"vc_column-inner\"><div class=\"wpb_wrapper\"><div class=\"wpb_text_column\"><div class=\"wpb_wrapper\"><h1 style=\"text-align: center;\">Organizaci\u00f3n<\/h1>\n<p style=\"text-align: center;\">SEAPRO tiene una estructura que le permite un trato humano y cercano. Sus empleados tienen el objetivo diario de poner a sus clientes en el centro de sus prioridades.<\/p>\n<\/div><\/div><\/div><\/div><\/div><\/div><\/div><\/section><section class=\"l-section wpb_row height_medium\"><div class=\"l-section-h i-cf\"><div class=\"g-cols via_flex valign_top type_default\"><div class=\"vc_col-sm-12 wpb_column vc_column_container\"><div class=\"vc_column-inner\"><div class=\"wpb_wrapper\"><div class=\"wpb_text_column us_custom_7a02589d\"><div class=\"wpb_wrapper\"><p style=\"text-align: center;\">El seguimiento de los pedidos de nuestros clientes es tan importante como la calidad de los productos que comercializamos.<\/p>\n<p style=\"text-align: center;\">SEAPRO est\u00e1 formado por un equipo comercial y un equipo log\u00edstico dedicado a la organizaci\u00f3n y trazabilidad de los pedidos.<\/p>\n<p style=\"text-align: center;\">Nuestra estructura nos permite ser muy receptivos y nuestro objetivo es poder responder r\u00e1pidamente a las necesidades de nuestros clientes.<\/p>\n<\/div><\/div><div class=\"w-separator size_medium\"><\/div><div class=\"g-cols wpb_row via_flex valign_top type_boxes\" style=\"--additional-gap:20px;\"><div class=\"vc_col-sm-6 wpb_column vc_column_container has_bg_color\"><div class=\"vc_column-inner us_custom_0d15be52\"><div class=\"wpb_wrapper\"><div class=\"wpb_text_column\"><div class=\"wpb_wrapper\"><h4 style=\"text-align: left; margin-bottom: 0;\">Oficina Seapro France<\/h4>\n<p><em>Cabestany<\/em><\/p>\n<\/div><\/div><div class=\"w-separator size_small\"><\/div><div class=\"w-iconbox iconpos_left style_default color_primary align_left\"><div class=\"w-iconbox-icon\" style=\"font-size:2rem;\"><i class=\"fas fa-user\"><\/i><\/div><div class=\"w-iconbox-meta\"><h6 class=\"w-iconbox-title\">Guillaume Berlier<\/h6><div class=\"w-iconbox-text\"><p>Responsable comercial<\/p>\n<\/div><\/div><\/div><div class=\"w-separator size_medium\"><\/div><\/div><\/div><\/div><div class=\"vc_col-sm-6 wpb_column vc_column_container has_bg_color\"><div class=\"vc_column-inner us_custom_0d15be52\"><div class=\"wpb_wrapper\"><div class=\"wpb_text_column\"><div class=\"wpb_wrapper\"><h4 style=\"text-align: left; margin-bottom: 0;\">Site Seapro Espagne<\/h4>\n<p><em>Santa Llogaia d\u2019Alguema<\/em><\/p>\n<\/div><\/div><div class=\"w-separator size_small\"><\/div><div class=\"w-iconbox iconpos_left style_default color_primary align_left\"><div class=\"w-iconbox-icon\" style=\"font-size:2rem;\"><i class=\"fas fa-user\"><\/i><\/div><div class=\"w-iconbox-meta\"><h6 class=\"w-iconbox-title\">Delphine Mercadal<\/h6><div class=\"w-iconbox-text\"><p>Comercial Dom Tom \u2013 Francia &#8211; Belgica<\/p>\n<\/div><\/div><\/div><div class=\"w-separator size_medium\"><\/div><div class=\"w-iconbox iconpos_left style_default color_primary align_left\"><div class=\"w-iconbox-icon\" style=\"font-size:2rem;\"><i class=\"fas fa-user\"><\/i><\/div><div class=\"w-iconbox-meta\"><h6 class=\"w-iconbox-title\">Esther Gracia<\/h6><div class=\"w-iconbox-text\"><p>Comercial Francia y Europa<\/p>\n<\/div><\/div><\/div><div class=\"w-separator size_medium\"><\/div><div class=\"w-iconbox iconpos_left style_default color_primary align_left\"><div class=\"w-iconbox-icon\" style=\"font-size:2rem;\"><i class=\"fas fa-user\"><\/i><\/div><div class=\"w-iconbox-meta\"><h6 class=\"w-iconbox-title\">Sonia Cubero<\/h6><div class=\"w-iconbox-text\"><p>Log\u00edstica Francia<\/p>\n<\/div><\/div><\/div><div class=\"w-separator size_medium\"><\/div><div class=\"w-iconbox iconpos_left style_default color_primary align_left\"><div class=\"w-iconbox-icon\" style=\"font-size:2rem;\"><i class=\"fas fa-user\"><\/i><\/div><div class=\"w-iconbox-meta\"><h6 class=\"w-iconbox-title\">Ivet Toneu (Logistique Export)<\/h6><div class=\"w-iconbox-text\"><p>Log\u00edstica de exportaci\u00f3n<\/p>\n<\/div><\/div><\/div><div class=\"w-separator size_medium\"><\/div><div class=\"w-iconbox iconpos_left style_default color_primary align_left\"><div class=\"w-iconbox-icon\" style=\"font-size:2rem;\"><i class=\"fas fa-user\"><\/i><\/div><div class=\"w-iconbox-meta\"><h6 class=\"w-iconbox-title\">Merce Mas<\/h6><div class=\"w-iconbox-text\"><p>Financias\/ Control de gesti\u00f3n<\/p>\n<\/div><\/div><\/div><div class=\"w-separator size_medium\"><\/div><\/div><\/div><\/div><\/div><\/div><\/div><\/div><\/div><\/div><\/section>\n","protected":false},"excerpt":{"rendered":"Organizaci\u00f3n SEAPRO tiene una estructura que le permite un trato humano y cercano. Sus empleados tienen el objetivo diario de poner a sus clientes en el centro de sus prioridades. El seguimiento de los pedidos de nuestros clientes es tan importante como la calidad de los productos que comercializamos. SEAPRO est\u00e1 formado por un equipo...","protected":false},"author":1,"featured_media":0,"parent":0,"menu_order":0,"comment_status":"closed","ping_status":"closed","template":"","meta":{"footnotes":""},"class_list":["post-765","page","type-page","status-publish","hentry"],"_links":{"self":[{"href":"https:\/\/seaprosas.com\/es\/wp-json\/wp\/v2\/pages\/765","targetHints":{"allow":["GET"]}}],"collection":[{"href":"https:\/\/seaprosas.com\/es\/wp-json\/wp\/v2\/pages"}],"about":[{"href":"https:\/\/seaprosas.com\/es\/wp-json\/wp\/v2\/types\/page"}],"author":[{"embeddable":true,"href":"https:\/\/seaprosas.com\/es\/wp-json\/wp\/v2\/users\/1"}],"replies":[{"embeddable":true,"href":"https:\/\/seaprosas.com\/es\/wp-json\/wp\/v2\/comments?post=765"}],"version-history":[{"count":7,"href":"https:\/\/seaprosas.com\/es\/wp-json\/wp\/v2\/pages\/765\/revisions"}],"predecessor-version":[{"id":1041,"href":"https:\/\/seaprosas.com\/es\/wp-json\/wp\/v2\/pages\/765\/revisions\/1041"}],"wp:attachment":[{"href":"https:\/\/seaprosas.com\/es\/wp-json\/wp\/v2\/media?parent=765"}],"curies":[{"name":"wp","href":"https:\/\/api.w.org\/{rel}","templated":true}]}}