{"id":762,"date":"2021-11-26T09:17:18","date_gmt":"2021-11-26T09:17:18","guid":{"rendered":"https:\/\/seaprosas.com\/?page_id=762"},"modified":"2021-11-26T10:26:41","modified_gmt":"2021-11-26T10:26:41","slug":"historia","status":"publish","type":"page","link":"https:\/\/seaprosas.com\/es\/historia\/","title":{"rendered":"HISTORIA"},"content":{"rendered":"<section class=\"l-section wpb_row height_auto full_height valign_center width_full\"><div class=\"l-section-h i-cf\"><div class=\"g-cols via_flex valign_top type_boxes\"><div class=\"vc_col-sm-6 wpb_column vc_column_container has_bg_color\"><div class=\"vc_column-inner us_custom_d07177d6 type_sticky\"><div class=\"wpb_wrapper\" style=\"top:\"><\/div><\/div><\/div><div class=\"vc_col-sm-6 wpb_column vc_column_container\"><div class=\"vc_column-inner\"><div class=\"wpb_wrapper\"><div class=\"wpb_text_column\"><div class=\"wpb_wrapper\"><h1>Historia<\/h1>\n<p>La empresa SEAPRO SAS fue fundada en 2006 por Dominique Praud y su hija Charlotte.<\/p>\n<p>Formado en el sector alimentario, Sr. Praud tambi\u00e9n ha trabajado durante mucho tiempo en diversas empresas agroalimenticias productoras y comercializadoras de carne o trading.<\/p>\n<p>SEAPRO es una empresa de importaci\u00f3n-exportaci\u00f3n especializada en el negocio de productos alimentarios congelados y secos.<\/p>\n<p>Opera principalmente en los departamentos y territorios franceses de ultramar (Antillas, Reuni\u00f3n, Guyana Francesa, \u00c1frica Occidental, etc.) y las redes de distribuidores \u00e9tnicos en Francia Metropolitana.<\/p>\n<p>SEAPRO exporta cada a\u00f1o alrededor de 150 contenedores de productos av\u00edcolas, porcinos, vacunos y del mar, para diferentes tipos de clientes (mayoristas y supermercados en su mayor\u00eda).<\/p>\n<\/div><\/div><div class=\"wpb_text_column us_custom_8edb5596 has_text_color\"><div class=\"wpb_wrapper\"><blockquote>\n<p style=\"text-align: center;\">\u201cEn marzo de 2017, el grupo espa\u00f1ol IBERDIGEST adquiere el 93.67 % de SEAPRO, lo que abre nuevas perspectivas comerciales. Este grupo tan estructurado permite a SEAPRO beneficiarse de un abastecimiento estrat\u00e9gico\u201d<\/p>\n<\/blockquote>\n<\/div><\/div><div class=\"wpb_text_column\"><div class=\"wpb_wrapper\"><p>Por otro lado, la solidez financiera de IBERDIGEST y su pertenencia al grupo VALL COMPANYS (2\u00ba grupo agroalimentario espa\u00f1ol) permite ahora a SEAPRO plantearse desarrollos en otros territorios y lanzar nuevos proyectos:<\/p>\n<p>&#8211; Desarrollo para la exportaci\u00f3n de su propia gama DELIFOOD<\/p>\n<p>&#8211; Desarrollo de una gama de productos secos de Asia (especialmente arroz)<\/p>\n<p>Su agilidad le permite ofrecer a sus clientes una larga cartera de productos para el retail o la restauraci\u00f3n en sus formatos espec\u00edficos. Seapro organiza env\u00edos desde plataformas log\u00edsticas en Francia o en contenedores completos desde origen.<\/p>\n<\/div><\/div><\/div><\/div><\/div><\/div><\/div><\/section>\n","protected":false},"excerpt":{"rendered":"Historia La empresa SEAPRO SAS fue fundada en 2006 por Dominique Praud y su hija Charlotte. Formado en el sector alimentario, Sr. Praud tambi\u00e9n ha trabajado durante mucho tiempo en diversas empresas agroalimenticias productoras y comercializadoras de carne o trading. SEAPRO es una empresa de importaci\u00f3n-exportaci\u00f3n especializada en el negocio de productos alimentarios congelados y...","protected":false},"author":1,"featured_media":0,"parent":0,"menu_order":0,"comment_status":"closed","ping_status":"closed","template":"","meta":{"footnotes":""},"class_list":["post-762","page","type-page","status-publish","hentry"],"_links":{"self":[{"href":"https:\/\/seaprosas.com\/es\/wp-json\/wp\/v2\/pages\/762","targetHints":{"allow":["GET"]}}],"collection":[{"href":"https:\/\/seaprosas.com\/es\/wp-json\/wp\/v2\/pages"}],"about":[{"href":"https:\/\/seaprosas.com\/es\/wp-json\/wp\/v2\/types\/page"}],"author":[{"embeddable":true,"href":"https:\/\/seaprosas.com\/es\/wp-json\/wp\/v2\/users\/1"}],"replies":[{"embeddable":true,"href":"https:\/\/seaprosas.com\/es\/wp-json\/wp\/v2\/comments?post=762"}],"version-history":[{"count":4,"href":"https:\/\/seaprosas.com\/es\/wp-json\/wp\/v2\/pages\/762\/revisions"}],"predecessor-version":[{"id":917,"href":"https:\/\/seaprosas.com\/es\/wp-json\/wp\/v2\/pages\/762\/revisions\/917"}],"wp:attachment":[{"href":"https:\/\/seaprosas.com\/es\/wp-json\/wp\/v2\/media?parent=762"}],"curies":[{"name":"wp","href":"https:\/\/api.w.org\/{rel}","templated":true}]}}