{"id":496,"date":"2021-11-25T08:16:38","date_gmt":"2021-11-25T08:16:38","guid":{"rendered":"https:\/\/seaprosas.com\/?page_id=496"},"modified":"2021-11-25T09:30:45","modified_gmt":"2021-11-25T09:30:45","slug":"news","status":"publish","type":"page","link":"https:\/\/seaprosas.com\/en\/news\/","title":{"rendered":"News"},"content":{"rendered":"<section class=\"l-section wpb_row us_custom_6df4bc3a height_large has_text_color with_img\"><div class=\"l-section-img\" style=\"background-image: url(https:\/\/seaprosas.com\/wp-content\/uploads\/2021\/08\/back-seapro-07.jpg);\" data-img-width=\"1920\" data-img-height=\"708\"><\/div><div class=\"l-section-overlay\" style=\"background:rgba(43,47,136,0.60)\"><\/div><div class=\"l-section-h i-cf\"><div class=\"g-cols via_flex valign_top type_default\"><div class=\"vc_col-sm-12 wpb_column vc_column_container\"><div class=\"vc_column-inner\"><div class=\"wpb_wrapper\"><div class=\"wpb_text_column\"><div class=\"wpb_wrapper\"><h1 style=\"text-align: center;\">Actualit\u00e9<\/h1>\n<\/div><\/div><\/div><\/div><\/div><\/div><\/div><\/section><section class=\"l-section wpb_row height_medium\"><div class=\"l-section-h i-cf\"><div class=\"g-cols via_flex valign_top type_default\"><div class=\"vc_col-sm-12 wpb_column vc_column_container\"><div class=\"vc_column-inner\"><div class=\"wpb_wrapper\"><div class=\"w-grid type_grid layout_blog_9 cols_3 overflow_hidden\" id=\"us_grid_1\" data-filterable=\"true\"><style>#us_grid_1 .w-grid-item{padding:1.5rem}#us_grid_1 .w-grid-list{margin:-1.5rem}.w-grid + #us_grid_1 .w-grid-list{margin-top:1.5rem}@media (max-width:899px){#us_grid_1 .w-grid-item{width:50.0000%}}@media (max-width:599px){#us_grid_1 .w-grid-list{margin:0}#us_grid_1 .w-grid-item{width:100.0000%;padding:0;margin-bottom:1.5rem}}.layout_blog_9 .w-grid-item-h{background:var(--color-content-bg);color:var(--color-content-heading);border-radius:0.3rem;z-index:3;box-shadow:0 0.03rem 0.06rem rgba(0,0,0,0.1),0 0.10rem 0.30rem rgba(0,0,0,0.1);transition-duration:0.3s}.no-touch .layout_blog_9 .w-grid-item-h:hover{box-shadow:0 0.12rem 0.24rem rgba(0,0,0,0.1),0 0.40rem 1.20rem rgba(0,0,0,0.15);z-index:4}.layout_blog_9 .usg_vwrapper_1{padding:0.8rem 1.5rem 1.5rem 1.5rem!important}.layout_blog_9 .usg_hwrapper_1{margin-bottom:0.3rem!important}.layout_blog_9 .usg_post_taxonomy_1{font-size:14px!important;font-weight:700!important;text-transform:uppercase!important;margin-right:0.6rem!important}.layout_blog_9 .usg_post_date_1{color:var(--color-content-faded)!important;font-size:14px!important;margin-bottom:0.3rem!important}.layout_blog_9 .usg_post_title_1{color:inherit!important;font-weight:700!important;font-size:1.4rem!important}@media (max-width:600px){.layout_blog_9 .usg_post_title_1{font-size:1.2rem!important}}<\/style><div class=\"w-grid-list\">\t<article class=\"w-grid-item size_1x1 post-729 post type-post status-publish format-standard has-post-thumbnail hentry category-uncategorized\" data-id=\"729\">\r\n\t\t<div class=\"w-grid-item-h\">\r\n\t\t\t\t\t\t<div class=\"w-post-elm post_image usg_post_image_1 stretched\"><a href=\"https:\/\/seaprosas.com\/en\/cancelled-performances-and-events-due-to-covid-19\/\" aria-label=\"Cancelled performances and events due to COVID-19\"><img loading=\"lazy\" decoding=\"async\" width=\"1920\" height=\"1440\" src=\"https:\/\/seaprosas.com\/wp-content\/uploads\/2021\/11\/iberdigest-ferias-canceladas.jpeg\" class=\"attachment-us_600_600_crop size-us_600_600_crop wp-post-image\" alt=\"\" srcset=\"https:\/\/seaprosas.com\/wp-content\/uploads\/2021\/11\/iberdigest-ferias-canceladas.jpeg 1920w, https:\/\/seaprosas.com\/wp-content\/uploads\/2021\/11\/iberdigest-ferias-canceladas-300x225.jpeg 300w, https:\/\/seaprosas.com\/wp-content\/uploads\/2021\/11\/iberdigest-ferias-canceladas-1024x768.jpeg 1024w\" sizes=\"auto, (max-width: 1920px) 100vw, 1920px\" \/><\/a><\/div><div class=\"w-vwrapper usg_vwrapper_1 align_none valign_top\"><div class=\"w-hwrapper usg_hwrapper_1 align_none valign_top\"><div class=\"w-post-elm post_taxonomy usg_post_taxonomy_1 style_simple\"><a href=\"https:\/\/seaprosas.com\/en\/category\/uncategorized\/\">Uncategorized<\/a><\/div><time class=\"w-post-elm post_date usg_post_date_1 entry-date published\" datetime=\"2021-11-26T08:38:00+00:00\" title=\"26 November 2021 at 08:38:00 +00:00\">26 Nov 2021<\/time><\/div><h2 class=\"w-post-elm post_title usg_post_title_1 entry-title color_link_inherit has_text_color\"><a href=\"https:\/\/seaprosas.com\/en\/cancelled-performances-and-events-due-to-covid-19\/\">Cancelled performances and events due to COVID-19<\/a><\/h2><\/div>\t\t<\/div>\r\n\t<\/article>\r\n\t<article class=\"w-grid-item size_1x1 post-725 post type-post status-publish format-standard has-post-thumbnail hentry category-uncategorized\" data-id=\"725\">\r\n\t\t<div class=\"w-grid-item-h\">\r\n\t\t\t\t\t\t<div class=\"w-post-elm post_image usg_post_image_1 stretched\"><a href=\"https:\/\/seaprosas.com\/en\/we-have-extended-our-office-and-team-at-seapro-2\/\" aria-label=\"We have extended our office and team at SEAPRO\"><img loading=\"lazy\" decoding=\"async\" width=\"1920\" height=\"1280\" src=\"https:\/\/seaprosas.com\/wp-content\/uploads\/2021\/11\/iberdigest-reformes.jpeg\" class=\"attachment-us_600_600_crop size-us_600_600_crop wp-post-image\" alt=\"\" srcset=\"https:\/\/seaprosas.com\/wp-content\/uploads\/2021\/11\/iberdigest-reformes.jpeg 1920w, https:\/\/seaprosas.com\/wp-content\/uploads\/2021\/11\/iberdigest-reformes-300x200.jpeg 300w, https:\/\/seaprosas.com\/wp-content\/uploads\/2021\/11\/iberdigest-reformes-1024x683.jpeg 1024w\" sizes=\"auto, (max-width: 1920px) 100vw, 1920px\" \/><\/a><\/div><div class=\"w-vwrapper usg_vwrapper_1 align_none valign_top\"><div class=\"w-hwrapper usg_hwrapper_1 align_none valign_top\"><div class=\"w-post-elm post_taxonomy usg_post_taxonomy_1 style_simple\"><a href=\"https:\/\/seaprosas.com\/en\/category\/uncategorized\/\">Uncategorized<\/a>, <a href=\"https:\/\/seaprosas.com\/en\/category\/uncategorized\/\">Uncategorized<\/a><\/div><time class=\"w-post-elm post_date usg_post_date_1 entry-date published\" datetime=\"2021-11-26T08:36:05+00:00\" title=\"26 November 2021 at 08:36:05 +00:00\">26 Nov 2021<\/time><\/div><h2 class=\"w-post-elm post_title usg_post_title_1 entry-title color_link_inherit has_text_color\"><a href=\"https:\/\/seaprosas.com\/en\/we-have-extended-our-office-and-team-at-seapro-2\/\">We have extended our office and team at SEAPRO<\/a><\/h2><\/div>\t\t<\/div>\r\n\t<\/article>\r\n\t<article class=\"w-grid-item size_1x1 post-716 post type-post status-publish format-standard has-post-thumbnail hentry\" data-id=\"716\">\r\n\t\t<div class=\"w-grid-item-h\">\r\n\t\t\t\t\t\t<div class=\"w-post-elm post_image usg_post_image_1 stretched\"><a href=\"https:\/\/seaprosas.com\/en\/seapro-wishes-everybody-encouragement-and-strength\/\" aria-label=\"SEAPRO wishes everybody encouragement and strength\"><img loading=\"lazy\" decoding=\"async\" width=\"1920\" height=\"1310\" src=\"https:\/\/seaprosas.com\/wp-content\/uploads\/2021\/11\/fuerza-desde-seapro-1.jpeg\" class=\"attachment-us_600_600_crop size-us_600_600_crop wp-post-image\" alt=\"\" srcset=\"https:\/\/seaprosas.com\/wp-content\/uploads\/2021\/11\/fuerza-desde-seapro-1.jpeg 1920w, https:\/\/seaprosas.com\/wp-content\/uploads\/2021\/11\/fuerza-desde-seapro-1-300x205.jpeg 300w, https:\/\/seaprosas.com\/wp-content\/uploads\/2021\/11\/fuerza-desde-seapro-1-1024x699.jpeg 1024w\" sizes=\"auto, (max-width: 1920px) 100vw, 1920px\" \/><\/a><\/div><div class=\"w-vwrapper usg_vwrapper_1 align_none valign_top\"><div class=\"w-hwrapper usg_hwrapper_1 align_none valign_top\"><time class=\"w-post-elm post_date usg_post_date_1 entry-date published\" datetime=\"2021-11-26T08:25:40+00:00\" title=\"26 November 2021 at 08:25:40 +00:00\">26 Nov 2021<\/time><\/div><h2 class=\"w-post-elm post_title usg_post_title_1 entry-title color_link_inherit has_text_color\"><a href=\"https:\/\/seaprosas.com\/en\/seapro-wishes-everybody-encouragement-and-strength\/\">SEAPRO wishes everybody encouragement and strength<\/a><\/h2><\/div>\t\t<\/div>\r\n\t<\/article>\r\n<\/div><div class=\"w-grid-preloader\"><div class=\"g-preloader type_1\">\r\n\t<div><\/div>\r\n<\/div>\r\n<\/div>\t<div class=\"w-grid-json hidden\" onclick='return {&quot;action&quot;:&quot;us_ajax_grid&quot;,&quot;ajax_url&quot;:&quot;https:\\\/\\\/seaprosas.com\\\/wp-admin\\\/admin-ajax.php&quot;,&quot;infinite_scroll&quot;:0,&quot;max_num_pages&quot;:1,&quot;pagination&quot;:&quot;none&quot;,&quot;permalink_url&quot;:&quot;https:\\\/\\\/seaprosas.com\\\/en\\\/wp-json\\\/wp\\\/v2\\\/pages\\\/496\\\/&quot;,&quot;template_vars&quot;:{&quot;columns&quot;:&quot;3&quot;,&quot;exclude_items&quot;:&quot;none&quot;,&quot;img_size&quot;:&quot;default&quot;,&quot;ignore_items_size&quot;:false,&quot;items_layout&quot;:&quot;blog_9&quot;,&quot;items_offset&quot;:&quot;1&quot;,&quot;load_animation&quot;:&quot;none&quot;,&quot;overriding_link&quot;:&quot;none&quot;,&quot;post_id&quot;:496,&quot;query_args&quot;:{&quot;post_type&quot;:[&quot;post&quot;],&quot;post_status&quot;:[&quot;publish&quot;],&quot;posts_per_page&quot;:&quot;10&quot;},&quot;orderby_query_args&quot;:{&quot;orderby&quot;:{&quot;date&quot;:&quot;DESC&quot;}},&quot;type&quot;:&quot;grid&quot;,&quot;us_grid_ajax_index&quot;:1,&quot;us_grid_filter_params&quot;:null,&quot;us_grid_index&quot;:1,&quot;_us_grid_post_type&quot;:&quot;post&quot;,&quot;lang&quot;:&quot;en&quot;}}'><\/div>\r\n\t<\/div><\/div><\/div><\/div><\/div><\/div><\/section>\n","protected":false},"excerpt":{"rendered":"En cette \u00e9poque difficile \u00e0 laquelle nous devons vivre avec le COVID-19, Iberdigest vous envoie \u00e0 tous forces et encouragements.","protected":false},"author":1,"featured_media":0,"parent":0,"menu_order":0,"comment_status":"closed","ping_status":"closed","template":"","meta":{"footnotes":""},"class_list":["post-496","page","type-page","status-publish","hentry"],"_links":{"self":[{"href":"https:\/\/seaprosas.com\/en\/wp-json\/wp\/v2\/pages\/496","targetHints":{"allow":["GET"]}}],"collection":[{"href":"https:\/\/seaprosas.com\/en\/wp-json\/wp\/v2\/pages"}],"about":[{"href":"https:\/\/seaprosas.com\/en\/wp-json\/wp\/v2\/types\/page"}],"author":[{"embeddable":true,"href":"https:\/\/seaprosas.com\/en\/wp-json\/wp\/v2\/users\/1"}],"replies":[{"embeddable":true,"href":"https:\/\/seaprosas.com\/en\/wp-json\/wp\/v2\/comments?post=496"}],"version-history":[{"count":5,"href":"https:\/\/seaprosas.com\/en\/wp-json\/wp\/v2\/pages\/496\/revisions"}],"predecessor-version":[{"id":589,"href":"https:\/\/seaprosas.com\/en\/wp-json\/wp\/v2\/pages\/496\/revisions\/589"}],"wp:attachment":[{"href":"https:\/\/seaprosas.com\/en\/wp-json\/wp\/v2\/media?parent=496"}],"curies":[{"name":"wp","href":"https:\/\/api.w.org\/{rel}","templated":true}]}}